{"id":791,"date":"2019-09-13T00:34:55","date_gmt":"2019-09-13T00:34:55","guid":{"rendered":"https:\/\/democontent.codex-themes.com\/sites-elementor-v5\/luxury-hotel\/?page_id=791"},"modified":"2024-05-13T10:45:47","modified_gmt":"2024-05-13T10:45:47","slug":"page-404","status":"publish","type":"page","link":"https:\/\/bantourestaurant.com\/en\/page-404\/","title":{"rendered":"Page 404"},"content":{"rendered":"<div data-elementor-type=\"wp-page\" data-elementor-id=\"791\" class=\"elementor elementor-791\" data-elementor-post-type=\"page\">\n\t\t\t\t\t\t<div class=\"elementor-inner\">\n\t\t\t\t<div class=\"elementor-section-wrap\">\n\t\t\t\t\t\t\t\t\t<section class=\"elementor-section elementor-top-section elementor-element elementor-element-d1f17af elementor-section-boxed elementor-section-height-default elementor-section-height-default\" data-id=\"d1f17af\" data-element_type=\"section\" data-settings=\"{&quot;background_background&quot;:&quot;classic&quot;}\">\n\t\t\t\t\t\t<div class=\"elementor-container elementor-column-gap-thegem\">\n\t\t\t\t\t\t\t<div class=\"elementor-row\">\n\t\t\t\t\t<div class=\"elementor-column elementor-col-100 elementor-top-column elementor-element elementor-element-6dbcd20\" data-id=\"6dbcd20\" data-element_type=\"column\">\n\t\t\t<div class=\"elementor-column-wrap elementor-element-populated\">\n\t\t\t\t\t\t\t<div class=\"elementor-widget-wrap\">\n\t\t\t\t\t\t<div class=\"elementor-element elementor-element-c1206af flex-horizontal-align-default flex-horizontal-align-tablet-default flex-horizontal-align-mobile-default flex-vertical-align-default flex-vertical-align-tablet-default flex-vertical-align-mobile-default elementor-widget elementor-widget-html\" data-id=\"c1206af\" data-element_type=\"widget\" data-widget_type=\"html.default\">\n\t\t\t\t<div class=\"elementor-widget-container\">\n\t\t\t<svg viewbox=\"0 0 600 170\">\r\n\r\n  <!-- Gradient -->\r\n  <lineargradient id=\"gr-simple\" x1=\"0\" y1=\"0\" x2=\"100%\" y2=\"100%\">\r\n    <stop stop-color=\"#0e3e26\" offset=\"0%\"\/>\r\n    <stop stop-color=\"#e6a317\" offset=\"100%\"\/>\r\n  <\/lineargradient>\r\n\r\n  <!-- Text -->\r\n  <text text-anchor=\"middle\"\r\n        x=\"50%\"\r\n        y=\"50%\"\r\n        dy=\".35em\"\r\n        class=\"text title-h1 light\"\r\n        style=\"fill: url(#gr-simple); font-size: 230px; line-height: 1;\"\r\n        >\r\n    404\r\n  <\/text>\r\n<\/svg>\t\t<\/div>\n\t\t\t\t<\/div>\n\t\t\t\t<div class=\"elementor-element elementor-element-65b7fb9 flex-horizontal-align-default flex-horizontal-align-tablet-default flex-horizontal-align-mobile-default flex-vertical-align-default flex-vertical-align-tablet-default flex-vertical-align-mobile-default elementor-widget elementor-widget-heading\" data-id=\"65b7fb9\" data-element_type=\"widget\" data-widget_type=\"heading.default\">\n\t\t\t\t<div class=\"elementor-widget-container\">\n\t\t\t<style>\/*! elementor - v3.16.0 - 20-09-2023 *\/\n.elementor-heading-title{padding:0;margin:0;line-height:1}.elementor-widget-heading .elementor-heading-title[class*=elementor-size-]>a{color:inherit;font-size:inherit;line-height:inherit}.elementor-widget-heading .elementor-heading-title.elementor-size-small{font-size:15px}.elementor-widget-heading .elementor-heading-title.elementor-size-medium{font-size:19px}.elementor-widget-heading .elementor-heading-title.elementor-size-large{font-size:29px}.elementor-widget-heading .elementor-heading-title.elementor-size-xl{font-size:39px}.elementor-widget-heading .elementor-heading-title.elementor-size-xxl{font-size:59px}<\/style><div class=\"title-h2 elementor-heading-title elementor-size-default\">PAGE NON TROUV\u00c9E<\/div>\t\t<\/div>\n\t\t\t\t<\/div>\n\t\t\t\t<div class=\"elementor-element elementor-element-53573be flex-horizontal-align-default flex-horizontal-align-tablet-default flex-horizontal-align-mobile-default flex-vertical-align-default flex-vertical-align-tablet-default flex-vertical-align-mobile-default elementor-widget elementor-widget-text-editor\" data-id=\"53573be\" data-element_type=\"widget\" data-widget_type=\"text-editor.default\">\n\t\t\t\t<div class=\"elementor-widget-container\">\n\t\t\t<style>\/*! elementor - v3.16.0 - 20-09-2023 *\/\n.elementor-widget-text-editor.elementor-drop-cap-view-stacked .elementor-drop-cap{background-color:#69727d;color:#fff}.elementor-widget-text-editor.elementor-drop-cap-view-framed .elementor-drop-cap{color:#69727d;border:3px solid;background-color:transparent}.elementor-widget-text-editor:not(.elementor-drop-cap-view-default) .elementor-drop-cap{margin-top:8px}.elementor-widget-text-editor:not(.elementor-drop-cap-view-default) .elementor-drop-cap-letter{width:1em;height:1em}.elementor-widget-text-editor .elementor-drop-cap{float:left;text-align:center;line-height:1;font-size:50px}.elementor-widget-text-editor .elementor-drop-cap-letter{display:inline-block}<\/style>\t\t\t\t\t<div class=\"elementor-text-editor elementor-clearfix\">\n\t\t\t\t<div class=\"styled-subtitle\">Nous sommes d\u00e9sol\u00e9s, la page que vous avez recherch\u00e9e n&rsquo;existe pas dans notre base de donn\u00e9es ! Peut-\u00eatre aller \u00e0 notre <a style=\"color: #ffffff; background-color: #0e3e26; padding: 2px 10px;\" href=\"#\">page d&rsquo;accueil<\/a> ou essayez d&rsquo;utiliser une <a style=\"color: #ffffff; background-color: #0e3e26; padding: 2px 10px;\">recherche ?<\/a><\/div>\t\t\t\t\t<\/div>\n\t\t\t\t\t\t<\/div>\n\t\t\t\t<\/div>\n\t\t\t\t<div class=\"elementor-element elementor-element-c83ad7f flex-horizontal-align-default flex-horizontal-align-tablet-default flex-horizontal-align-mobile-default flex-vertical-align-default flex-vertical-align-tablet-default flex-vertical-align-mobile-default elementor-widget elementor-widget-thegem-searchbar\" data-id=\"c83ad7f\" data-element_type=\"widget\" data-settings=\"{&quot;thegem_elementor_preset&quot;:&quot;light&quot;,&quot;add_icon&quot;:&quot;yes&quot;}\" data-widget_type=\"thegem-searchbar.default\">\n\t\t\t\t<div class=\"elementor-widget-container\">\n\t\t\t\n\t\t<div class=\"gem-search-form gem-search-form-style-light gem-search-form-submit-inside  gem-search-form-submit-icon-\">\n\t\t\t<form role=\"search\" method=\"get\" class=\"search-form\" action=\"https:\/\/bantourestaurant.com\/en\/\" data-trp-original-action=\"https:\/\/bantourestaurant.com\/en\/\">\n\t\t\t\t\t\t\t\t<input class=\"search-field\" type=\"search\" name=\"s\" placeholder=\"Recherche...\" \/>\n\t\t\t\t<button class=\"gem-button gem-button-size-normal gem-button-style-flat search-submit gem-button-text-weight-thin\" type=\"submit\">\n\t\t\t\t<span class=\"search-submit-icon\"><i aria-hidden=\"true\" class=\"fas fa-search\"><\/i><\/span>\t\t\t\t<\/button>\n\t\t\t\t\t\t\t<input type=\"hidden\" name=\"trp-form-language\" value=\"en\"\/><\/form>\n\t\t<\/div>\n\n\t\t\t\t<\/div>\n\t\t\t\t<\/div>\n\t\t\t\t\t\t<\/div>\n\t\t\t\t\t<\/div>\n\t\t<\/div>\n\t\t\t\t\t\t\t\t<\/div>\n\t\t\t\t\t<\/div>\n\t\t<\/section>\n\t\t\t\t\t\t\t\t\t<\/div>\n\t\t\t<\/div>\n\t\t\t\t\t<\/div>","protected":false},"excerpt":{"rendered":"<p>404 PAGE NON TROUV\u00c9E Nous sommes d\u00e9sol\u00e9s, la page que vous avez recherch\u00e9e n&rsquo;existe pas dans notre base de donn\u00e9es&#8230;<\/p>","protected":false},"author":2,"featured_media":0,"parent":0,"menu_order":0,"comment_status":"closed","ping_status":"closed","template":"page-fullwidth.php","meta":{"footnotes":""},"class_list":["post-791","page","type-page","status-publish"],"_links":{"self":[{"href":"https:\/\/bantourestaurant.com\/en\/wp-json\/wp\/v2\/pages\/791","targetHints":{"allow":["GET"]}}],"collection":[{"href":"https:\/\/bantourestaurant.com\/en\/wp-json\/wp\/v2\/pages"}],"about":[{"href":"https:\/\/bantourestaurant.com\/en\/wp-json\/wp\/v2\/types\/page"}],"author":[{"embeddable":true,"href":"https:\/\/bantourestaurant.com\/en\/wp-json\/wp\/v2\/users\/2"}],"replies":[{"embeddable":true,"href":"https:\/\/bantourestaurant.com\/en\/wp-json\/wp\/v2\/comments?post=791"}],"version-history":[{"count":4,"href":"https:\/\/bantourestaurant.com\/en\/wp-json\/wp\/v2\/pages\/791\/revisions"}],"predecessor-version":[{"id":1642,"href":"https:\/\/bantourestaurant.com\/en\/wp-json\/wp\/v2\/pages\/791\/revisions\/1642"}],"wp:attachment":[{"href":"https:\/\/bantourestaurant.com\/en\/wp-json\/wp\/v2\/media?parent=791"}],"curies":[{"name":"wp","href":"https:\/\/api.w.org\/{rel}","templated":true}]}}